{"id":3584,"date":"2020-06-10T17:25:04","date_gmt":"2020-06-10T15:25:04","guid":{"rendered":"https:\/\/tilmaci.com\/about"},"modified":"2023-08-22T16:16:17","modified_gmt":"2023-08-22T14:16:17","slug":"about","status":"publish","type":"page","link":"https:\/\/tilmaci.com\/lv\/about","title":{"rendered":"About"},"content":{"rendered":"<p><div class=\"fusion-fullwidth fullwidth-box fusion-builder-row-1 fusion-flex-container nonhundred-percent-fullwidth non-hundred-percent-height-scrolling\" style=\"background-color: rgba(255,255,255,0);background-position: center center;background-repeat: no-repeat;border-width: 0px 0px 0px 0px;border-color:#e2e2e2;border-style:solid;\" ><div class=\"fusion-builder-row fusion-row fusion-flex-align-items-stretch\" style=\"max-width:calc( 1370px + 60px );margin-left: calc(-60px \/ 2 );margin-right: calc(-60px \/ 2 );\"><div class=\"fusion-layout-column fusion_builder_column fusion-builder-column-0 fusion_builder_column_1_3 1_3 fusion-flex-column\"><div class=\"fusion-column-wrapper fusion-flex-justify-content-flex-start fusion-content-layout-column\" style=\"background-position:left top;background-repeat:no-repeat;-webkit-background-size:cover;-moz-background-size:cover;-o-background-size:cover;background-size:cover;padding: 0px 0px 0px 0px;\"><style type=\"text\/css\">@media only screen and (max-width:1024px) {.fusion-title.fusion-title-1{margin-top:0px!important; margin-right:0px!important;margin-bottom:15px!important;margin-left:0px!important;}}@media only screen and (max-width:640px) {.fusion-title.fusion-title-1{margin-top:10px!important; margin-right:0px!important;margin-bottom:10px!important; margin-left:0px!important;}}<\/style><div class=\"fusion-title title fusion-title-1 fusion-sep-none fusion-title-text fusion-title-size-one\" style=\"margin-top:0px;margin-right:0px;margin-bottom:15px;margin-left:0px;\"><h1 class=\"title-heading-left fusion-responsive-typography-calculated\" style=\"margin:0;--fontSize:61;line-height:1.22;\">Par mums<\/h1><\/div><\/div><style type=\"text\/css\">.fusion-body .fusion-builder-column-0{width:33.333333333333% !important;margin-top : 0px;margin-bottom : 150px;}.fusion-builder-column-0 > .fusion-column-wrapper {padding-top : 0px !important;padding-right : 0px !important;margin-right : 30px;padding-bottom : 0px !important;padding-left : 0px !important;margin-left : 30px;}@media only screen and (max-width:1024px) {.fusion-body .fusion-builder-column-0{width:33.333333333333% !important;order : 0;margin-bottom : 60px;}.fusion-builder-column-0 > .fusion-column-wrapper {margin-right : 30px;margin-left : 30px;}}@media only screen and (max-width:640px) {.fusion-body .fusion-builder-column-0{width:100% !important;order : 0;margin-bottom : 40px;}.fusion-builder-column-0 > .fusion-column-wrapper {margin-right : 30px;margin-left : 30px;}}<\/style><\/div><div class=\"fusion-layout-column fusion_builder_column fusion-builder-column-1 fusion_builder_column_2_3 2_3 fusion-flex-column\"><div class=\"fusion-column-wrapper fusion-flex-justify-content-flex-start fusion-content-layout-column\" style=\"background-position:left top;background-repeat:no-repeat;-webkit-background-size:cover;-moz-background-size:cover;-o-background-size:cover;background-size:cover;padding: 0px 0px 0px 0px;\"><div class=\"fusion-text fusion-text-1 fusion-text-split-columns fusion-text-columns-2\" style=\"text-align:left; -webkit-column-count:2; -webkit-column-gap:100px; -webkit-column-width:300px; -moz-column-count:2; -moz-column-gap:100px; -moz-column-width:300px; column-count:2; column-gap:100px; column-width:300px;\"><p>I mere end 10 \u00e5r har jeg lavet leget\u00e5rne og havehuse, og leverer i hele Danmark hver m\u00e5ned. Siden 2019 har jeg arbejdet sammen med min s\u00f8n.<\/p>\n<p>P\u00e5 min hjemmeside kan du se tidligere projekter. Efter din anmodning vil jeg udarbejde et tilbud. Alle materialer fremstilles p\u00e5 vores eget v\u00e6rksted f\u00f8r levering og bygning.<\/p>\n<\/div><\/div><style type=\"text\/css\">.fusion-body .fusion-builder-column-1{width:66.666666666667% !important;margin-top : 0px;margin-bottom : 150px;}.fusion-builder-column-1 > .fusion-column-wrapper {padding-top : 0px !important;padding-right : 0px !important;margin-right : 30px;padding-bottom : 0px !important;padding-left : 0px !important;margin-left : 30px;}@media only screen and (max-width:1024px) {.fusion-body .fusion-builder-column-1{width:66.666666666667% !important;order : 0;margin-bottom : 60px;}.fusion-builder-column-1 > .fusion-column-wrapper {margin-right : 30px;margin-left : 30px;}}@media only screen and (max-width:640px) {.fusion-body .fusion-builder-column-1{width:100% !important;order : 0;margin-bottom : 35px;}.fusion-builder-column-1 > .fusion-column-wrapper {margin-right : 30px;margin-left : 30px;}}<\/style><\/div><\/div><style type=\"text\/css\">.fusion-body .fusion-flex-container.fusion-builder-row-1{ padding-top : 0px;margin-top : 0px;padding-right : 150px;padding-bottom : 0px;margin-bottom : 0px;padding-left : 150px;}@media only screen and (max-width:1024px) {.fusion-body .fusion-flex-container.fusion-builder-row-1{ padding-right : 60px;padding-left : 60px;}}@media only screen and (max-width:640px) {.fusion-body .fusion-flex-container.fusion-builder-row-1{ padding-right : 35px;padding-left : 35px;}}<\/style><\/div><div class=\"fusion-fullwidth fullwidth-box fusion-builder-row-2 fusion-flex-container fusion-parallax-fixed hundred-percent-fullwidth non-hundred-percent-height-scrolling lazyload\" style=\"background-color: rgba(255,255,255,0);background-position: center center;background-repeat: no-repeat;border-width: 0px 0px 0px 0px;border-color:#e2e2e2;border-style:solid;-webkit-background-size:cover;-moz-background-size:cover;-o-background-size:cover;background-size:cover;background-attachment:fixed;\" data-bg=\"http:\/\/tilmaci.com\/wp-content\/uploads\/2021\/10\/Om-os-ona-attels-scaled.jpg\" ><div class=\"fusion-builder-row fusion-row fusion-flex-align-items-stretch fusion-flex-justify-content-space-between\" style=\"width:104% !important;max-width:104% !important;margin-left: calc(-4% \/ 2 );margin-right: calc(-4% \/ 2 );\"><\/div><style type=\"text\/css\">.fusion-body .fusion-flex-container.fusion-builder-row-2{ padding-top : 620px;margin-top : 0px;padding-right : 0px;padding-bottom : 0px;margin-bottom : 0px;padding-left : 0px;}@media only screen and (max-width:1024px) {.fusion-body .fusion-flex-container.fusion-builder-row-2{ padding-top : 300px;padding-left : 4%;}}@media only screen and (max-width:640px) {.fusion-body .fusion-flex-container.fusion-builder-row-2{ padding-top : 300px;}}<\/style><\/div><div class=\"fusion-fullwidth fullwidth-box fusion-builder-row-3 fusion-flex-container nonhundred-percent-fullwidth non-hundred-percent-height-scrolling\" style=\"background-color: rgba(255,255,255,0);background-position: center center;background-repeat: no-repeat;border-width: 0px 0px 0px 0px;border-color:#e2e2e2;border-style:solid;\" ><div class=\"fusion-builder-row fusion-row fusion-flex-align-items-flex-start\" style=\"max-width:1424.8px;margin-left: calc(-4% \/ 2 );margin-right: calc(-4% \/ 2 );\"><div class=\"fusion-layout-column fusion_builder_column fusion-builder-column-2 fusion_builder_column_1_3 1_3 fusion-flex-column\"><div class=\"fusion-column-wrapper fusion-flex-justify-content-flex-start fusion-content-layout-column\" style=\"background-position:left top;background-repeat:no-repeat;-webkit-background-size:cover;-moz-background-size:cover;-o-background-size:cover;background-size:cover;padding: 0px 0px 0px 0px;\"><div class=\"fusion-person person fusion-person-left fusion-person-1 fusion-person-icon-bottom\"><div class=\"person-shortcode-image-wrapper\"><div class=\"person-image-container hover-type-none\" style=\"border:0px solid #e2e2e2;-webkit-border-radius:0px;-moz-border-radius:0px;border-radius:0px;\"><img decoding=\"async\" class=\"lazyload person-img img-responsive wp-image-2893\" width=\"2560\" height=\"1244\" src=\"https:\/\/tilmaci.com\/wp-content\/uploads\/2021\/10\/Om-os-Tomrervaerksted-scaled.jpg\" data-orig-src=\"http:\/\/tilmaci.com\/wp-content\/uploads\/2021\/10\/Om-os-Tomrervaerksted-scaled.jpg\" alt=\" T\u00f8mrerv\u00e6rksted\" srcset=\"data:image\/svg+xml,%3Csvg%20xmlns%3D%27http%3A%2F%2Fwww.w3.org%2F2000%2Fsvg%27%20width%3D%272560%27%20height%3D%271244%27%20viewBox%3D%270%200%202560%201244%27%3E%3Crect%20width%3D%272560%27%20height%3D%271244%27%20fill-opacity%3D%220%22%2F%3E%3C%2Fsvg%3E\" data-srcset=\"https:\/\/tilmaci.com\/wp-content\/uploads\/2021\/10\/Om-os-Tomrervaerksted-200x97.jpg 200w, https:\/\/tilmaci.com\/wp-content\/uploads\/2021\/10\/Om-os-Tomrervaerksted-400x194.jpg 400w, https:\/\/tilmaci.com\/wp-content\/uploads\/2021\/10\/Om-os-Tomrervaerksted-600x292.jpg 600w, https:\/\/tilmaci.com\/wp-content\/uploads\/2021\/10\/Om-os-Tomrervaerksted-800x389.jpg 800w, https:\/\/tilmaci.com\/wp-content\/uploads\/2021\/10\/Om-os-Tomrervaerksted-1200x583.jpg 1200w, https:\/\/tilmaci.com\/wp-content\/uploads\/2021\/10\/Om-os-Tomrervaerksted-scaled.jpg 2560w\" data-sizes=\"auto\" data-orig-sizes=\"(max-width: 640px) 100vw, 600px\" \/><\/div><\/div><div class=\"person-desc\" style=\"background-color:#ffffff;padding:40px;margin-top:0;\"><div class=\"person-author\"><div class=\"person-author-wrapper\"><span class=\"person-name\"> T\u00f8mrerv\u00e6rksted<\/span><span class=\"person-title\"><\/span><\/div><\/div><div class=\"person-content fusion-clearfix\">S\u00e5 snart alle detaljer er aftalt, forbereder vi alle materialer p\u00e5 vores v\u00e6rksted i Letland, inden levering til kunden i Danmark.<\/div><\/div><\/div><\/div><style type=\"text\/css\">.fusion-body .fusion-builder-column-2{width:33.333333333333% !important;margin-top : 0px;margin-bottom : 20px;}.fusion-builder-column-2 > .fusion-column-wrapper {padding-top : 0px !important;padding-right : 0px !important;margin-right : 5.76%;padding-bottom : 0px !important;padding-left : 0px !important;margin-left : 5.76%;}@media only screen and (max-width:1024px) {.fusion-body .fusion-builder-column-2{width:33.333333333333% !important;order : 0;}.fusion-builder-column-2 > .fusion-column-wrapper {margin-right : 5.76%;margin-left : 5.76%;}}@media only screen and (max-width:640px) {.fusion-body .fusion-builder-column-2{width:100% !important;order : 0;}.fusion-builder-column-2 > .fusion-column-wrapper {margin-right : 1.92%;margin-left : 1.92%;}}<\/style><\/div><div class=\"fusion-layout-column fusion_builder_column fusion-builder-column-3 fusion_builder_column_1_3 1_3 fusion-flex-column\"><div class=\"fusion-column-wrapper fusion-flex-justify-content-flex-start fusion-content-layout-column\" style=\"background-position:left top;background-repeat:no-repeat;-webkit-background-size:cover;-moz-background-size:cover;-o-background-size:cover;background-size:cover;padding: 0px 0px 0px 0px;\"><div class=\"fusion-person person fusion-person-left fusion-person-2 fusion-person-icon-bottom\"><div class=\"person-shortcode-image-wrapper\"><div class=\"person-image-container hover-type-none\" style=\"border:0px solid #e2e2e2;-webkit-border-radius:0px;-moz-border-radius:0px;border-radius:0px;\"><img decoding=\"async\" class=\"lazyload person-img img-responsive wp-image-2892\" width=\"2560\" height=\"1244\" src=\"https:\/\/tilmaci.com\/wp-content\/uploads\/2021\/10\/Om-os-Levering-scaled.jpg\" data-orig-src=\"http:\/\/tilmaci.com\/wp-content\/uploads\/2021\/10\/Om-os-Levering-scaled.jpg\" alt=\"Levering\" srcset=\"data:image\/svg+xml,%3Csvg%20xmlns%3D%27http%3A%2F%2Fwww.w3.org%2F2000%2Fsvg%27%20width%3D%272560%27%20height%3D%271244%27%20viewBox%3D%270%200%202560%201244%27%3E%3Crect%20width%3D%272560%27%20height%3D%271244%27%20fill-opacity%3D%220%22%2F%3E%3C%2Fsvg%3E\" data-srcset=\"https:\/\/tilmaci.com\/wp-content\/uploads\/2021\/10\/Om-os-Levering-200x97.jpg 200w, https:\/\/tilmaci.com\/wp-content\/uploads\/2021\/10\/Om-os-Levering-400x194.jpg 400w, https:\/\/tilmaci.com\/wp-content\/uploads\/2021\/10\/Om-os-Levering-600x292.jpg 600w, https:\/\/tilmaci.com\/wp-content\/uploads\/2021\/10\/Om-os-Levering-800x389.jpg 800w, https:\/\/tilmaci.com\/wp-content\/uploads\/2021\/10\/Om-os-Levering-1200x583.jpg 1200w, https:\/\/tilmaci.com\/wp-content\/uploads\/2021\/10\/Om-os-Levering-scaled.jpg 2560w\" data-sizes=\"auto\" data-orig-sizes=\"(max-width: 640px) 100vw, 600px\" \/><\/div><\/div><div class=\"person-desc\" style=\"background-color:#ffffff;padding:40px;margin-top:0;\"><div class=\"person-author\"><div class=\"person-author-wrapper\"><span class=\"person-name\">Levering<\/span><span class=\"person-title\"><\/span><\/div><\/div><div class=\"person-content fusion-clearfix\">Vi leverer alle materialer med vores varebiler direkte fra v\u00e6rksted til kunden i Danmark.<\/div><\/div><\/div><\/div><style type=\"text\/css\">.fusion-body .fusion-builder-column-3{width:33.333333333333% !important;margin-top : 0px;margin-bottom : 20px;}.fusion-builder-column-3 > .fusion-column-wrapper {padding-top : 0px !important;padding-right : 0px !important;margin-right : 5.76%;padding-bottom : 0px !important;padding-left : 0px !important;margin-left : 5.76%;}@media only screen and (max-width:1024px) {.fusion-body .fusion-builder-column-3{width:33.333333333333% !important;order : 0;}.fusion-builder-column-3 > .fusion-column-wrapper {margin-right : 5.76%;margin-left : 5.76%;}}@media only screen and (max-width:640px) {.fusion-body .fusion-builder-column-3{width:100% !important;order : 0;}.fusion-builder-column-3 > .fusion-column-wrapper {margin-right : 1.92%;margin-left : 1.92%;}}<\/style><\/div><div class=\"fusion-layout-column fusion_builder_column fusion-builder-column-4 fusion_builder_column_1_3 1_3 fusion-flex-column\"><div class=\"fusion-column-wrapper fusion-flex-justify-content-flex-start fusion-content-layout-column\" style=\"background-position:left top;background-repeat:no-repeat;-webkit-background-size:cover;-moz-background-size:cover;-o-background-size:cover;background-size:cover;padding: 0px 0px 0px 0px;\"><div class=\"fusion-person person fusion-person-left fusion-person-3 fusion-person-icon-bottom\"><div class=\"person-shortcode-image-wrapper\"><div class=\"person-image-container hover-type-none\" style=\"border:0px solid #e2e2e2;-webkit-border-radius:0px;-moz-border-radius:0px;border-radius:0px;\"><img decoding=\"async\" class=\"lazyload person-img img-responsive wp-image-2891\" width=\"2560\" height=\"1244\" src=\"https:\/\/tilmaci.com\/wp-content\/uploads\/2021\/10\/Om-os-Bygning-og-opsaetning-scaled.jpg\" data-orig-src=\"http:\/\/tilmaci.com\/wp-content\/uploads\/2021\/10\/Om-os-Bygning-og-opsaetning-scaled.jpg\" alt=\"Bygning og ops\u00e6tning\" srcset=\"data:image\/svg+xml,%3Csvg%20xmlns%3D%27http%3A%2F%2Fwww.w3.org%2F2000%2Fsvg%27%20width%3D%272560%27%20height%3D%271244%27%20viewBox%3D%270%200%202560%201244%27%3E%3Crect%20width%3D%272560%27%20height%3D%271244%27%20fill-opacity%3D%220%22%2F%3E%3C%2Fsvg%3E\" data-srcset=\"https:\/\/tilmaci.com\/wp-content\/uploads\/2021\/10\/Om-os-Bygning-og-opsaetning-200x97.jpg 200w, https:\/\/tilmaci.com\/wp-content\/uploads\/2021\/10\/Om-os-Bygning-og-opsaetning-400x194.jpg 400w, https:\/\/tilmaci.com\/wp-content\/uploads\/2021\/10\/Om-os-Bygning-og-opsaetning-600x292.jpg 600w, https:\/\/tilmaci.com\/wp-content\/uploads\/2021\/10\/Om-os-Bygning-og-opsaetning-800x389.jpg 800w, https:\/\/tilmaci.com\/wp-content\/uploads\/2021\/10\/Om-os-Bygning-og-opsaetning-1200x583.jpg 1200w, https:\/\/tilmaci.com\/wp-content\/uploads\/2021\/10\/Om-os-Bygning-og-opsaetning-scaled.jpg 2560w\" data-sizes=\"auto\" data-orig-sizes=\"(max-width: 640px) 100vw, 600px\" \/><\/div><\/div><div class=\"person-desc\" style=\"background-color:#ffffff;padding:40px;margin-top:0;\"><div class=\"person-author\"><div class=\"person-author-wrapper\"><span class=\"person-name\">Bygning og ops\u00e6tning<\/span><span class=\"person-title\"><\/span><\/div><\/div><div class=\"person-content fusion-clearfix\">Det er hurtigt at samle delene hos kunden, fordi materialer allerede er forberedt p\u00e5 v\u00e6rkstedet.<\/div><\/div><\/div><\/div><style type=\"text\/css\">.fusion-body .fusion-builder-column-4{width:33.333333333333% !important;margin-top : 0px;margin-bottom : 20px;}.fusion-builder-column-4 > .fusion-column-wrapper {padding-top : 0px !important;padding-right : 0px !important;margin-right : 5.76%;padding-bottom : 0px !important;padding-left : 0px !important;margin-left : 5.76%;}@media only screen and (max-width:1024px) {.fusion-body .fusion-builder-column-4{width:33.333333333333% !important;order : 0;}.fusion-builder-column-4 > .fusion-column-wrapper {margin-right : 5.76%;margin-left : 5.76%;}}@media only screen and (max-width:640px) {.fusion-body .fusion-builder-column-4{width:100% !important;order : 0;}.fusion-builder-column-4 > .fusion-column-wrapper {margin-right : 1.92%;margin-left : 1.92%;}}<\/style><\/div><\/div><style type=\"text\/css\">.fusion-body .fusion-flex-container.fusion-builder-row-3{ padding-top : 155px;margin-top : 0px;padding-right : 0px;padding-bottom : 155px;margin-bottom : 0px;padding-left : 0px;}@media only screen and (max-width:1024px) {.fusion-body .fusion-flex-container.fusion-builder-row-3{ padding-top : 80px;padding-right : 80px;padding-bottom : 80px;padding-left : 80px;}}@media only screen and (max-width:640px) {.fusion-body .fusion-flex-container.fusion-builder-row-3{ padding-top : 55px;padding-right : 35px;padding-bottom : 55px;padding-left : 35px;}}<\/style><\/div><\/p>\n","protected":false},"excerpt":{"rendered":"","protected":false},"author":1,"featured_media":0,"parent":0,"menu_order":0,"comment_status":"closed","ping_status":"closed","template":"100-width.php","meta":{"footnotes":""},"class_list":["post-3584","page","type-page","status-publish","hentry"],"_links":{"self":[{"href":"https:\/\/tilmaci.com\/lv\/wp-json\/wp\/v2\/pages\/3584","targetHints":{"allow":["GET"]}}],"collection":[{"href":"https:\/\/tilmaci.com\/lv\/wp-json\/wp\/v2\/pages"}],"about":[{"href":"https:\/\/tilmaci.com\/lv\/wp-json\/wp\/v2\/types\/page"}],"author":[{"embeddable":true,"href":"https:\/\/tilmaci.com\/lv\/wp-json\/wp\/v2\/users\/1"}],"replies":[{"embeddable":true,"href":"https:\/\/tilmaci.com\/lv\/wp-json\/wp\/v2\/comments?post=3584"}],"version-history":[{"count":2,"href":"https:\/\/tilmaci.com\/lv\/wp-json\/wp\/v2\/pages\/3584\/revisions"}],"predecessor-version":[{"id":3643,"href":"https:\/\/tilmaci.com\/lv\/wp-json\/wp\/v2\/pages\/3584\/revisions\/3643"}],"wp:attachment":[{"href":"https:\/\/tilmaci.com\/lv\/wp-json\/wp\/v2\/media?parent=3584"}],"curies":[{"name":"wp","href":"https:\/\/api.w.org\/{rel}","templated":true}]}}